{"id":1881,"date":"2026-04-29T11:23:55","date_gmt":"2026-04-29T08:23:55","guid":{"rendered":"https:\/\/seraphome.com\/?post_type=product&#038;p=1881"},"modified":"2026-04-29T16:24:30","modified_gmt":"2026-04-29T13:24:30","slug":"dogal-tas-bileklik","status":"publish","type":"product","link":"https:\/\/seraphome.com\/?product=dogal-tas-bileklik","title":{"rendered":"Do\u011fal ta\u015f bileklik"},"content":{"rendered":"<p>5A KAL\u0130TE DO\u011eAL TA\u015e B\u0130LEKL\u0130K<\/p>\n<p>unisex 7mm \u00e7ap\u0131nda<\/p>\n<p>rengde de\u011fi\u015fiklik isterseniz mesaj k\u0131sm\u0131na bildirin<\/p>\n","protected":false},"excerpt":{"rendered":"<p><img loading=\"lazy\" decoding=\"async\" class=\"alignnone size-medium wp-image-1882\" src=\"http:\/\/seraphome.com\/wp-content\/uploads\/2026\/04\/WhatsApp-Image-2026-04-29-at-11.20.25-300x278.jpeg\" alt=\"\" width=\"300\" height=\"278\" srcset=\"https:\/\/seraphome.com\/wp-content\/uploads\/2026\/04\/WhatsApp-Image-2026-04-29-at-11.20.25-300x278.jpeg 300w, https:\/\/seraphome.com\/wp-content\/uploads\/2026\/04\/WhatsApp-Image-2026-04-29-at-11.20.25-1024x950.jpeg 1024w, https:\/\/seraphome.com\/wp-content\/uploads\/2026\/04\/WhatsApp-Image-2026-04-29-at-11.20.25-768x713.jpeg 768w, https:\/\/seraphome.com\/wp-content\/uploads\/2026\/04\/WhatsApp-Image-2026-04-29-at-11.20.25-465x431.jpeg 465w, https:\/\/seraphome.com\/wp-content\/uploads\/2026\/04\/WhatsApp-Image-2026-04-29-at-11.20.25-539x500.jpeg 539w, https:\/\/seraphome.com\/wp-content\/uploads\/2026\/04\/WhatsApp-Image-2026-04-29-at-11.20.25-800x742.jpeg 800w, https:\/\/seraphome.com\/wp-content\/uploads\/2026\/04\/WhatsApp-Image-2026-04-29-at-11.20.25.jpeg 1302w\" sizes=\"auto, (max-width: 300px) 100vw, 300px\" \/><span class=\"more-link\"><a href=\"https:\/\/seraphome.com\/?product=dogal-tas-bileklik\">Continue Reading<\/a><\/span><\/p>\n","protected":false},"featured_media":1882,"comment_status":"open","ping_status":"closed","template":"","meta":[],"product_brand":[],"product_cat":[288],"product_tag":[],"class_list":{"0":"entry","1":"author-seraphome","2":"has-excerpt","3":"post-1881","4":"product","5":"type-product","6":"status-publish","7":"has-post-thumbnail","8":"product_cat-el-isi","10":"first","11":"instock","12":"sale","13":"shipping-taxable","14":"purchasable","15":"product-type-simple"},"_links":{"self":[{"href":"https:\/\/seraphome.com\/index.php?rest_route=\/wp\/v2\/product\/1881","targetHints":{"allow":["GET"]}}],"collection":[{"href":"https:\/\/seraphome.com\/index.php?rest_route=\/wp\/v2\/product"}],"about":[{"href":"https:\/\/seraphome.com\/index.php?rest_route=\/wp\/v2\/types\/product"}],"replies":[{"embeddable":true,"href":"https:\/\/seraphome.com\/index.php?rest_route=%2Fwp%2Fv2%2Fcomments&post=1881"}],"wp:featuredmedia":[{"embeddable":true,"href":"https:\/\/seraphome.com\/index.php?rest_route=\/wp\/v2\/media\/1882"}],"wp:attachment":[{"href":"https:\/\/seraphome.com\/index.php?rest_route=%2Fwp%2Fv2%2Fmedia&parent=1881"}],"wp:term":[{"taxonomy":"product_brand","embeddable":true,"href":"https:\/\/seraphome.com\/index.php?rest_route=%2Fwp%2Fv2%2Fproduct_brand&post=1881"},{"taxonomy":"product_cat","embeddable":true,"href":"https:\/\/seraphome.com\/index.php?rest_route=%2Fwp%2Fv2%2Fproduct_cat&post=1881"},{"taxonomy":"product_tag","embeddable":true,"href":"https:\/\/seraphome.com\/index.php?rest_route=%2Fwp%2Fv2%2Fproduct_tag&post=1881"}],"curies":[{"name":"wp","href":"https:\/\/api.w.org\/{rel}","templated":true}]}}