{"id":1816,"date":"2022-10-10T13:49:00","date_gmt":"2022-10-10T10:49:00","guid":{"rendered":"https:\/\/seraphome.com\/?post_type=product&#038;p=1816"},"modified":"2026-04-26T19:01:16","modified_gmt":"2026-04-26T16:01:16","slug":"dekor-kapi-ve-duvar-susu-8","status":"publish","type":"product","link":"https:\/\/seraphome.com\/?product=dekor-kapi-ve-duvar-susu-8","title":{"rendered":"DEKOR KAPI VE DUVAR S\u00dcS\u00dc"},"content":{"rendered":"<p>25 CM DO\u011eAL MALZEMELERLE \u00dcRET\u0130LM\u0130\u015eT\u0130R<\/p>\n","protected":false},"excerpt":{"rendered":"<p>25 CM DO\u011eAL MALZEMELERLE \u00dcRET\u0130LM\u0130\u015eT\u0130R<span class=\"more-link\"><a href=\"https:\/\/seraphome.com\/?product=dekor-kapi-ve-duvar-susu-8\">Continue Reading<\/a><\/span><\/p>\n","protected":false},"featured_media":1817,"comment_status":"open","ping_status":"closed","template":"","meta":[],"product_brand":[],"product_cat":[16],"product_tag":[],"class_list":{"0":"entry","1":"author-serapkok","2":"post-1816","3":"product","4":"type-product","5":"status-publish","6":"has-post-thumbnail","7":"product_cat-kapi-ve-duvar-susleri","9":"first","10":"instock","11":"sale","12":"shipping-taxable","13":"purchasable","14":"product-type-simple"},"_links":{"self":[{"href":"https:\/\/seraphome.com\/index.php?rest_route=\/wp\/v2\/product\/1816","targetHints":{"allow":["GET"]}}],"collection":[{"href":"https:\/\/seraphome.com\/index.php?rest_route=\/wp\/v2\/product"}],"about":[{"href":"https:\/\/seraphome.com\/index.php?rest_route=\/wp\/v2\/types\/product"}],"replies":[{"embeddable":true,"href":"https:\/\/seraphome.com\/index.php?rest_route=%2Fwp%2Fv2%2Fcomments&post=1816"}],"wp:featuredmedia":[{"embeddable":true,"href":"https:\/\/seraphome.com\/index.php?rest_route=\/wp\/v2\/media\/1817"}],"wp:attachment":[{"href":"https:\/\/seraphome.com\/index.php?rest_route=%2Fwp%2Fv2%2Fmedia&parent=1816"}],"wp:term":[{"taxonomy":"product_brand","embeddable":true,"href":"https:\/\/seraphome.com\/index.php?rest_route=%2Fwp%2Fv2%2Fproduct_brand&post=1816"},{"taxonomy":"product_cat","embeddable":true,"href":"https:\/\/seraphome.com\/index.php?rest_route=%2Fwp%2Fv2%2Fproduct_cat&post=1816"},{"taxonomy":"product_tag","embeddable":true,"href":"https:\/\/seraphome.com\/index.php?rest_route=%2Fwp%2Fv2%2Fproduct_tag&post=1816"}],"curies":[{"name":"wp","href":"https:\/\/api.w.org\/{rel}","templated":true}]}}