{"id":1783,"date":"2022-09-13T16:35:08","date_gmt":"2022-09-13T13:35:08","guid":{"rendered":"https:\/\/seraphome.com\/?post_type=product&#038;p=1783"},"modified":"2026-04-26T22:44:36","modified_gmt":"2026-04-26T19:44:36","slug":"el-orgusu-otantik-canta-2","status":"publish","type":"product","link":"https:\/\/seraphome.com\/?product=el-orgusu-otantik-canta-2","title":{"rendered":"EL \u00d6RG\u00dcS\u00dc OTANT\u0130K \u00c7ANTA"},"content":{"rendered":"<p>FARKLI RENK, EBATLAR \u0130\u00c7\u0130N WATSAAPTAN ULA\u015eIN L\u00dcTFEN<br \/>\n*ASTARLI<br \/>\n*FERMUAR<br \/>\n*\u00c7IT\u00c7IT<br \/>\n*POLYESTER \u0130PLE \u00d6R\u00dcLM\u00dc\u015eT\u00dcR<\/p>\n<p>\u00c7ANTA EBATI : 40*40<\/p>\n","protected":false},"excerpt":{"rendered":"<p>FARKLI RENK, EBATLAR \u0130\u00c7\u0130N WATSAAPTAN ULA\u015eIN L\u00dcTFEN *ASTARLI *FERMUAR *\u00c7IT\u00c7IT *POLYESTER \u0130PLE \u00d6R\u00dcLM\u00dc\u015eT\u00dcR \u00c7ANTA EBATI : 40*40<span class=\"more-link\"><a href=\"https:\/\/seraphome.com\/?product=el-orgusu-otantik-canta-2\">Continue Reading<\/a><\/span><\/p>\n","protected":false},"featured_media":1784,"comment_status":"open","ping_status":"closed","template":"","meta":[],"product_brand":[],"product_cat":[65],"product_tag":[],"class_list":{"0":"entry","1":"author-serapkok","2":"post-1783","3":"product","4":"type-product","5":"status-publish","6":"has-post-thumbnail","7":"product_cat-canta-ve-cuzdan","9":"first","10":"instock","11":"sale","12":"shipping-taxable","13":"purchasable","14":"product-type-simple"},"_links":{"self":[{"href":"https:\/\/seraphome.com\/index.php?rest_route=\/wp\/v2\/product\/1783","targetHints":{"allow":["GET"]}}],"collection":[{"href":"https:\/\/seraphome.com\/index.php?rest_route=\/wp\/v2\/product"}],"about":[{"href":"https:\/\/seraphome.com\/index.php?rest_route=\/wp\/v2\/types\/product"}],"replies":[{"embeddable":true,"href":"https:\/\/seraphome.com\/index.php?rest_route=%2Fwp%2Fv2%2Fcomments&post=1783"}],"wp:featuredmedia":[{"embeddable":true,"href":"https:\/\/seraphome.com\/index.php?rest_route=\/wp\/v2\/media\/1784"}],"wp:attachment":[{"href":"https:\/\/seraphome.com\/index.php?rest_route=%2Fwp%2Fv2%2Fmedia&parent=1783"}],"wp:term":[{"taxonomy":"product_brand","embeddable":true,"href":"https:\/\/seraphome.com\/index.php?rest_route=%2Fwp%2Fv2%2Fproduct_brand&post=1783"},{"taxonomy":"product_cat","embeddable":true,"href":"https:\/\/seraphome.com\/index.php?rest_route=%2Fwp%2Fv2%2Fproduct_cat&post=1783"},{"taxonomy":"product_tag","embeddable":true,"href":"https:\/\/seraphome.com\/index.php?rest_route=%2Fwp%2Fv2%2Fproduct_tag&post=1783"}],"curies":[{"name":"wp","href":"https:\/\/api.w.org\/{rel}","templated":true}]}}