{"id":1742,"date":"2022-09-13T15:09:46","date_gmt":"2022-09-13T12:09:46","guid":{"rendered":"https:\/\/seraphome.com\/?post_type=product&#038;p=1742"},"modified":"2026-04-26T19:11:16","modified_gmt":"2026-04-26T16:11:16","slug":"el-orgusu-otantik-kirlent","status":"publish","type":"product","link":"https:\/\/seraphome.com\/?product=el-orgusu-otantik-kirlent","title":{"rendered":"EL \u00d6RG\u00dcS\u00dc OTANT\u0130K KIRLENT"},"content":{"rendered":"<p>FARKLI RENK, EBATLAR \u0130\u00c7\u0130N WATSAAPTAN ULA\u015eIN L\u00dcTFEN<br \/>\n*ASTARLI<br \/>\n*FERMUAR<\/p>\n<p>*KA\u011eIT \u0130PLE \u00d6R\u00dcLM\u00dc\u015eT\u00dcR<\/p>\n<p>KIRLENT EBATI : 40*40<\/p>\n","protected":false},"excerpt":{"rendered":"<p>FARKLI RENK, EBATLAR \u0130\u00c7\u0130N WATSAAPTAN ULA\u015eIN L\u00dcTFEN *ASTARLI *FERMUAR *KA\u011eIT \u0130PLE \u00d6R\u00dcLM\u00dc\u015eT\u00dcR KIRLENT EBATI : 40*40<span class=\"more-link\"><a href=\"https:\/\/seraphome.com\/?product=el-orgusu-otantik-kirlent\">Continue Reading<\/a><\/span><\/p>\n","protected":false},"featured_media":1743,"comment_status":"open","ping_status":"closed","template":"","meta":[],"product_brand":[],"product_cat":[65],"product_tag":[274],"class_list":{"0":"entry","1":"author-serapkok","2":"post-1742","3":"product","4":"type-product","5":"status-publish","6":"has-post-thumbnail","7":"product_cat-canta-ve-cuzdan","8":"product_tag-kagitip","10":"first","11":"instock","12":"sale","13":"shipping-taxable","14":"purchasable","15":"product-type-simple"},"_links":{"self":[{"href":"https:\/\/seraphome.com\/index.php?rest_route=\/wp\/v2\/product\/1742","targetHints":{"allow":["GET"]}}],"collection":[{"href":"https:\/\/seraphome.com\/index.php?rest_route=\/wp\/v2\/product"}],"about":[{"href":"https:\/\/seraphome.com\/index.php?rest_route=\/wp\/v2\/types\/product"}],"replies":[{"embeddable":true,"href":"https:\/\/seraphome.com\/index.php?rest_route=%2Fwp%2Fv2%2Fcomments&post=1742"}],"wp:featuredmedia":[{"embeddable":true,"href":"https:\/\/seraphome.com\/index.php?rest_route=\/wp\/v2\/media\/1743"}],"wp:attachment":[{"href":"https:\/\/seraphome.com\/index.php?rest_route=%2Fwp%2Fv2%2Fmedia&parent=1742"}],"wp:term":[{"taxonomy":"product_brand","embeddable":true,"href":"https:\/\/seraphome.com\/index.php?rest_route=%2Fwp%2Fv2%2Fproduct_brand&post=1742"},{"taxonomy":"product_cat","embeddable":true,"href":"https:\/\/seraphome.com\/index.php?rest_route=%2Fwp%2Fv2%2Fproduct_cat&post=1742"},{"taxonomy":"product_tag","embeddable":true,"href":"https:\/\/seraphome.com\/index.php?rest_route=%2Fwp%2Fv2%2Fproduct_tag&post=1742"}],"curies":[{"name":"wp","href":"https:\/\/api.w.org\/{rel}","templated":true}]}}