{"id":1723,"date":"2022-09-13T14:46:09","date_gmt":"2022-09-13T11:46:09","guid":{"rendered":"https:\/\/seraphome.com\/?post_type=product&#038;p=1723"},"modified":"2026-04-26T22:46:06","modified_gmt":"2026-04-26T19:46:06","slug":"el-orgusu-otantik-el-cantasi","status":"publish","type":"product","link":"https:\/\/seraphome.com\/?product=el-orgusu-otantik-el-cantasi","title":{"rendered":"EL \u00d6RG\u00dcS\u00dc OTANT\u0130K EL \u00c7ANTASI"},"content":{"rendered":"<p>FARKLI RENK, EBATLAR \u0130\u00c7\u0130N WATSAAPTAN ULA\u015eIN L\u00dcTFEN<br \/>\n*ASTARLI<br \/>\n*FERMUAR<br \/>\n*\u00c7IT\u00c7IT<br \/>\n*KA\u011eIT \u0130PLE \u00d6R\u00dcLM\u00dc\u015eT\u00dcR<\/p>\n<p>\u00c7ANTA EBATI : 20*20<\/p>\n","protected":false},"excerpt":{"rendered":"<p>FARKLI RENK, EBATLAR \u0130\u00c7\u0130N WATSAAPTAN ULA\u015eIN L\u00dcTFEN *ASTARLI *FERMUAR *\u00c7IT\u00c7IT *KA\u011eIT \u0130PLE \u00d6R\u00dcLM\u00dc\u015eT\u00dcR \u00c7ANTA EBATI : 20*20<span class=\"more-link\"><a href=\"https:\/\/seraphome.com\/?product=el-orgusu-otantik-el-cantasi\">Continue Reading<\/a><\/span><\/p>\n","protected":false},"featured_media":1724,"comment_status":"open","ping_status":"closed","template":"","meta":[],"product_brand":[],"product_cat":[65],"product_tag":[127,88,277,273,174],"class_list":{"0":"entry","1":"author-serapkok","2":"post-1723","3":"product","4":"type-product","5":"status-publish","6":"has-post-thumbnail","7":"product_cat-canta-ve-cuzdan","8":"product_tag-canta","9":"product_tag-el-isi","10":"product_tag-elcantasi","11":"product_tag-elorgusu","12":"product_tag-otantik","14":"first","15":"instock","16":"sale","17":"shipping-taxable","18":"purchasable","19":"product-type-simple"},"_links":{"self":[{"href":"https:\/\/seraphome.com\/index.php?rest_route=\/wp\/v2\/product\/1723","targetHints":{"allow":["GET"]}}],"collection":[{"href":"https:\/\/seraphome.com\/index.php?rest_route=\/wp\/v2\/product"}],"about":[{"href":"https:\/\/seraphome.com\/index.php?rest_route=\/wp\/v2\/types\/product"}],"replies":[{"embeddable":true,"href":"https:\/\/seraphome.com\/index.php?rest_route=%2Fwp%2Fv2%2Fcomments&post=1723"}],"wp:featuredmedia":[{"embeddable":true,"href":"https:\/\/seraphome.com\/index.php?rest_route=\/wp\/v2\/media\/1724"}],"wp:attachment":[{"href":"https:\/\/seraphome.com\/index.php?rest_route=%2Fwp%2Fv2%2Fmedia&parent=1723"}],"wp:term":[{"taxonomy":"product_brand","embeddable":true,"href":"https:\/\/seraphome.com\/index.php?rest_route=%2Fwp%2Fv2%2Fproduct_brand&post=1723"},{"taxonomy":"product_cat","embeddable":true,"href":"https:\/\/seraphome.com\/index.php?rest_route=%2Fwp%2Fv2%2Fproduct_cat&post=1723"},{"taxonomy":"product_tag","embeddable":true,"href":"https:\/\/seraphome.com\/index.php?rest_route=%2Fwp%2Fv2%2Fproduct_tag&post=1723"}],"curies":[{"name":"wp","href":"https:\/\/api.w.org\/{rel}","templated":true}]}}