{"id":1715,"date":"2022-09-13T14:04:33","date_gmt":"2022-09-13T11:04:33","guid":{"rendered":"https:\/\/seraphome.com\/?post_type=product&#038;p=1715"},"modified":"2026-04-26T19:32:09","modified_gmt":"2026-04-26T16:32:09","slug":"el-yapimi-postaci-canta-2","status":"publish","type":"product","link":"https:\/\/seraphome.com\/?product=el-yapimi-postaci-canta-2","title":{"rendered":"EL YAPIMI POSTACI \u00c7ANTA"},"content":{"rendered":"<p>FARKLI RENK, EBATLAR \u0130\u00c7\u0130N WATSAAPTAN ULA\u015eIN L\u00dcTFEN<br \/>\n*ASTARLI<\/p>\n<p>*PAMUK \u0130PLE \u00d6R\u00dcLM\u00dc\u015eT\u00dcR<\/p>\n<p>\u00c7ANTA EBATI : 10*10<\/p>\n","protected":false},"excerpt":{"rendered":"<p>FARKLI RENK, EBATLAR \u0130\u00c7\u0130N WATSAAPTAN ULA\u015eIN L\u00dcTFEN *ASTARLI *PAMUK \u0130PLE \u00d6R\u00dcLM\u00dc\u015eT\u00dcR \u00c7ANTA EBATI : 10*10<span class=\"more-link\"><a href=\"https:\/\/seraphome.com\/?product=el-yapimi-postaci-canta-2\">Continue Reading<\/a><\/span><\/p>\n","protected":false},"featured_media":1716,"comment_status":"open","ping_status":"closed","template":"","meta":[],"product_brand":[],"product_cat":[65],"product_tag":[127,88,273],"class_list":{"0":"entry","1":"author-serapkok","2":"post-1715","3":"product","4":"type-product","5":"status-publish","6":"has-post-thumbnail","7":"product_cat-canta-ve-cuzdan","8":"product_tag-canta","9":"product_tag-el-isi","10":"product_tag-elorgusu","12":"first","13":"instock","14":"sale","15":"shipping-taxable","16":"purchasable","17":"product-type-simple"},"_links":{"self":[{"href":"https:\/\/seraphome.com\/index.php?rest_route=\/wp\/v2\/product\/1715","targetHints":{"allow":["GET"]}}],"collection":[{"href":"https:\/\/seraphome.com\/index.php?rest_route=\/wp\/v2\/product"}],"about":[{"href":"https:\/\/seraphome.com\/index.php?rest_route=\/wp\/v2\/types\/product"}],"replies":[{"embeddable":true,"href":"https:\/\/seraphome.com\/index.php?rest_route=%2Fwp%2Fv2%2Fcomments&post=1715"}],"wp:featuredmedia":[{"embeddable":true,"href":"https:\/\/seraphome.com\/index.php?rest_route=\/wp\/v2\/media\/1716"}],"wp:attachment":[{"href":"https:\/\/seraphome.com\/index.php?rest_route=%2Fwp%2Fv2%2Fmedia&parent=1715"}],"wp:term":[{"taxonomy":"product_brand","embeddable":true,"href":"https:\/\/seraphome.com\/index.php?rest_route=%2Fwp%2Fv2%2Fproduct_brand&post=1715"},{"taxonomy":"product_cat","embeddable":true,"href":"https:\/\/seraphome.com\/index.php?rest_route=%2Fwp%2Fv2%2Fproduct_cat&post=1715"},{"taxonomy":"product_tag","embeddable":true,"href":"https:\/\/seraphome.com\/index.php?rest_route=%2Fwp%2Fv2%2Fproduct_tag&post=1715"}],"curies":[{"name":"wp","href":"https:\/\/api.w.org\/{rel}","templated":true}]}}