{"id":1713,"date":"2022-09-13T13:59:41","date_gmt":"2022-09-13T10:59:41","guid":{"rendered":"https:\/\/seraphome.com\/?post_type=product&#038;p=1713"},"modified":"2026-04-26T19:32:18","modified_gmt":"2026-04-26T16:32:18","slug":"el-orgunu-cuzdan","status":"publish","type":"product","link":"https:\/\/seraphome.com\/?product=el-orgunu-cuzdan","title":{"rendered":"EL \u00d6RG\u00dcN\u00dc C\u00dcZDAN"},"content":{"rendered":"<p>FARKLI RENK, EBATLAR \u0130\u00c7\u0130N WATSAAPTAN ULA\u015eIN L\u00dcTFEN<\/p>\n<p>*FERMUAR<\/p>\n<p>*KA\u011eIT \u0130PLE \u00d6R\u00dcLM\u00dc\u015eT\u00dcR<\/p>\n<p>\u00c7ANTA EBATI : 10*10<\/p>\n","protected":false},"excerpt":{"rendered":"<p>FARKLI RENK, EBATLAR \u0130\u00c7\u0130N WATSAAPTAN ULA\u015eIN L\u00dcTFEN *FERMUAR *KA\u011eIT \u0130PLE \u00d6R\u00dcLM\u00dc\u015eT\u00dcR \u00c7ANTA EBATI : 10*10<span class=\"more-link\"><a href=\"https:\/\/seraphome.com\/?product=el-orgunu-cuzdan\">Continue Reading<\/a><\/span><\/p>\n","protected":false},"featured_media":1714,"comment_status":"open","ping_status":"closed","template":"","meta":[],"product_brand":[],"product_cat":[65],"product_tag":[127,276,88,273,174],"class_list":{"0":"entry","1":"author-serapkok","2":"post-1713","3":"product","4":"type-product","5":"status-publish","6":"has-post-thumbnail","7":"product_cat-canta-ve-cuzdan","8":"product_tag-canta","9":"product_tag-cuzdan","10":"product_tag-el-isi","11":"product_tag-elorgusu","12":"product_tag-otantik","14":"first","15":"instock","16":"sale","17":"shipping-taxable","18":"purchasable","19":"product-type-simple"},"_links":{"self":[{"href":"https:\/\/seraphome.com\/index.php?rest_route=\/wp\/v2\/product\/1713","targetHints":{"allow":["GET"]}}],"collection":[{"href":"https:\/\/seraphome.com\/index.php?rest_route=\/wp\/v2\/product"}],"about":[{"href":"https:\/\/seraphome.com\/index.php?rest_route=\/wp\/v2\/types\/product"}],"replies":[{"embeddable":true,"href":"https:\/\/seraphome.com\/index.php?rest_route=%2Fwp%2Fv2%2Fcomments&post=1713"}],"wp:featuredmedia":[{"embeddable":true,"href":"https:\/\/seraphome.com\/index.php?rest_route=\/wp\/v2\/media\/1714"}],"wp:attachment":[{"href":"https:\/\/seraphome.com\/index.php?rest_route=%2Fwp%2Fv2%2Fmedia&parent=1713"}],"wp:term":[{"taxonomy":"product_brand","embeddable":true,"href":"https:\/\/seraphome.com\/index.php?rest_route=%2Fwp%2Fv2%2Fproduct_brand&post=1713"},{"taxonomy":"product_cat","embeddable":true,"href":"https:\/\/seraphome.com\/index.php?rest_route=%2Fwp%2Fv2%2Fproduct_cat&post=1713"},{"taxonomy":"product_tag","embeddable":true,"href":"https:\/\/seraphome.com\/index.php?rest_route=%2Fwp%2Fv2%2Fproduct_tag&post=1713"}],"curies":[{"name":"wp","href":"https:\/\/api.w.org\/{rel}","templated":true}]}}