{"id":1701,"date":"2022-09-13T13:45:53","date_gmt":"2022-09-13T10:45:53","guid":{"rendered":"https:\/\/seraphome.com\/?post_type=product&#038;p=1701"},"modified":"2026-04-26T19:33:08","modified_gmt":"2026-04-26T16:33:08","slug":"el-ogguru-motif-cuzdan","status":"publish","type":"product","link":"https:\/\/seraphome.com\/?product=el-ogguru-motif-cuzdan","title":{"rendered":"EL \u00d6GG\u00dcR\u00dc MOT\u0130F C\u00dcZDAN"},"content":{"rendered":"<p>FARKLI RENK, EBATLAR \u0130\u00c7\u0130N WATSAAPTAN ULA\u015eIN L\u00dcTFEN<br \/>\n*ASTARLI<br \/>\n*FERMUAR<br \/>\n*\u00c7IT\u00c7IT<br \/>\n*KA\u011eIT \u0130PLE \u00d6R\u00dcLM\u00dc\u015eT\u00dcR<\/p>\n<p>C\u00dcZDAN EMBATI : 15 CM<\/p>\n","protected":false},"excerpt":{"rendered":"<p>FARKLI RENK, EBATLAR \u0130\u00c7\u0130N WATSAAPTAN ULA\u015eIN L\u00dcTFEN *ASTARLI *FERMUAR *\u00c7IT\u00c7IT *KA\u011eIT \u0130PLE \u00d6R\u00dcLM\u00dc\u015eT\u00dcR C\u00dcZDAN EMBATI : 15 CM<span class=\"more-link\"><a href=\"https:\/\/seraphome.com\/?product=el-ogguru-motif-cuzdan\">Continue Reading<\/a><\/span><\/p>\n","protected":false},"featured_media":1702,"comment_status":"open","ping_status":"closed","template":"","meta":[],"product_brand":[],"product_cat":[65],"product_tag":[128,127,276,88,273],"class_list":{"0":"entry","1":"author-serapkok","2":"post-1701","3":"product","4":"type-product","5":"status-publish","6":"has-post-thumbnail","7":"product_cat-canta-ve-cuzdan","8":"product_tag-aksesuar","9":"product_tag-canta","10":"product_tag-cuzdan","11":"product_tag-el-isi","12":"product_tag-elorgusu","14":"first","15":"instock","16":"sale","17":"shipping-taxable","18":"purchasable","19":"product-type-simple"},"_links":{"self":[{"href":"https:\/\/seraphome.com\/index.php?rest_route=\/wp\/v2\/product\/1701","targetHints":{"allow":["GET"]}}],"collection":[{"href":"https:\/\/seraphome.com\/index.php?rest_route=\/wp\/v2\/product"}],"about":[{"href":"https:\/\/seraphome.com\/index.php?rest_route=\/wp\/v2\/types\/product"}],"replies":[{"embeddable":true,"href":"https:\/\/seraphome.com\/index.php?rest_route=%2Fwp%2Fv2%2Fcomments&post=1701"}],"wp:featuredmedia":[{"embeddable":true,"href":"https:\/\/seraphome.com\/index.php?rest_route=\/wp\/v2\/media\/1702"}],"wp:attachment":[{"href":"https:\/\/seraphome.com\/index.php?rest_route=%2Fwp%2Fv2%2Fmedia&parent=1701"}],"wp:term":[{"taxonomy":"product_brand","embeddable":true,"href":"https:\/\/seraphome.com\/index.php?rest_route=%2Fwp%2Fv2%2Fproduct_brand&post=1701"},{"taxonomy":"product_cat","embeddable":true,"href":"https:\/\/seraphome.com\/index.php?rest_route=%2Fwp%2Fv2%2Fproduct_cat&post=1701"},{"taxonomy":"product_tag","embeddable":true,"href":"https:\/\/seraphome.com\/index.php?rest_route=%2Fwp%2Fv2%2Fproduct_tag&post=1701"}],"curies":[{"name":"wp","href":"https:\/\/api.w.org\/{rel}","templated":true}]}}