{"id":1697,"date":"2022-09-13T13:42:06","date_gmt":"2022-09-13T10:42:06","guid":{"rendered":"https:\/\/seraphome.com\/?post_type=product&#038;p=1697"},"modified":"2026-04-26T19:33:26","modified_gmt":"2026-04-26T16:33:26","slug":"el-orgusu-canta-4","status":"publish","type":"product","link":"https:\/\/seraphome.com\/?product=el-orgusu-canta-4","title":{"rendered":"EL \u00d6RG\u00dcS\u00dc \u00c7ANTA"},"content":{"rendered":"<p>FARKLI RENK, EBATLAR \u0130\u00c7\u0130N WATSAAPTAN ULA\u015eIN L\u00dcTFEN<\/p>\n<p>*FERMUAR<br \/>\n*\u00c7IT\u00c7IT<br \/>\n*KA\u011eIT \u0130PLE \u00d6R\u00dcLM\u00dc\u015eT\u00dcR<\/p>\n","protected":false},"excerpt":{"rendered":"<p>FARKLI RENK, EBATLAR \u0130\u00c7\u0130N WATSAAPTAN ULA\u015eIN L\u00dcTFEN *FERMUAR *\u00c7IT\u00c7IT *KA\u011eIT \u0130PLE \u00d6R\u00dcLM\u00dc\u015eT\u00dcR<span class=\"more-link\"><a href=\"https:\/\/seraphome.com\/?product=el-orgusu-canta-4\">Continue Reading<\/a><\/span><\/p>\n","protected":false},"featured_media":1698,"comment_status":"open","ping_status":"closed","template":"","meta":[],"product_brand":[],"product_cat":[65],"product_tag":[127,274,275],"class_list":{"0":"entry","1":"author-serapkok","2":"post-1697","3":"product","4":"type-product","5":"status-publish","6":"has-post-thumbnail","7":"product_cat-canta-ve-cuzdan","8":"product_tag-canta","9":"product_tag-kagitip","10":"product_tag-omuzcantasi","12":"first","13":"instock","14":"sale","15":"shipping-taxable","16":"purchasable","17":"product-type-simple"},"_links":{"self":[{"href":"https:\/\/seraphome.com\/index.php?rest_route=\/wp\/v2\/product\/1697","targetHints":{"allow":["GET"]}}],"collection":[{"href":"https:\/\/seraphome.com\/index.php?rest_route=\/wp\/v2\/product"}],"about":[{"href":"https:\/\/seraphome.com\/index.php?rest_route=\/wp\/v2\/types\/product"}],"replies":[{"embeddable":true,"href":"https:\/\/seraphome.com\/index.php?rest_route=%2Fwp%2Fv2%2Fcomments&post=1697"}],"wp:featuredmedia":[{"embeddable":true,"href":"https:\/\/seraphome.com\/index.php?rest_route=\/wp\/v2\/media\/1698"}],"wp:attachment":[{"href":"https:\/\/seraphome.com\/index.php?rest_route=%2Fwp%2Fv2%2Fmedia&parent=1697"}],"wp:term":[{"taxonomy":"product_brand","embeddable":true,"href":"https:\/\/seraphome.com\/index.php?rest_route=%2Fwp%2Fv2%2Fproduct_brand&post=1697"},{"taxonomy":"product_cat","embeddable":true,"href":"https:\/\/seraphome.com\/index.php?rest_route=%2Fwp%2Fv2%2Fproduct_cat&post=1697"},{"taxonomy":"product_tag","embeddable":true,"href":"https:\/\/seraphome.com\/index.php?rest_route=%2Fwp%2Fv2%2Fproduct_tag&post=1697"}],"curies":[{"name":"wp","href":"https:\/\/api.w.org\/{rel}","templated":true}]}}