{"id":1665,"date":"2022-06-24T17:28:32","date_gmt":"2022-06-24T14:28:32","guid":{"rendered":"https:\/\/seraphome.com\/?post_type=product&#038;p=1665"},"modified":"2026-04-26T22:48:48","modified_gmt":"2026-04-26T19:48:48","slug":"bohem-duvar-dekor-organizasyon","status":"publish","type":"product","link":"https:\/\/seraphome.com\/?product=bohem-duvar-dekor-organizasyon","title":{"rendered":"BOHEM DUVAR DEKOR ORGAN\u0130ZASYON"},"content":{"rendered":"<p>*MAKROME DUVAR DEKOR<br \/>\n*EBAT VE RENK DE\u011e\u0130\u015e\u0130KL\u0130\u011e\u0130 \u0130\u00c7\u0130N L\u00dcTFEN WATSAAP HATTIMIZDAN \u0130LET\u0130\u015e\u0130ME GE\u00c7\u0130N\u0130Z<\/p>\n<p>100*150<\/p>\n","protected":false},"excerpt":{"rendered":"<p>*MAKROME DUVAR DEKOR *EBAT VE RENK DE\u011e\u0130\u015e\u0130KL\u0130\u011e\u0130 \u0130\u00c7\u0130N L\u00dcTFEN WATSAAP HATTIMIZDAN \u0130LET\u0130\u015e\u0130ME GE\u00c7\u0130N\u0130Z 100*150<span class=\"more-link\"><a href=\"https:\/\/seraphome.com\/?product=bohem-duvar-dekor-organizasyon\">Continue Reading<\/a><\/span><\/p>\n","protected":false},"featured_media":1666,"comment_status":"open","ping_status":"closed","template":"","meta":[],"product_brand":[],"product_cat":[66],"product_tag":[91,54,86,52],"class_list":{"0":"entry","1":"author-serapkok","2":"post-1665","3":"product","4":"type-product","5":"status-publish","6":"has-post-thumbnail","7":"product_cat-duvar-dekor","8":"product_tag-bohem","9":"product_tag-dekor","10":"product_tag-duvar","11":"product_tag-makrome","13":"first","14":"instock","15":"sale","16":"shipping-taxable","17":"purchasable","18":"product-type-simple"},"_links":{"self":[{"href":"https:\/\/seraphome.com\/index.php?rest_route=\/wp\/v2\/product\/1665","targetHints":{"allow":["GET"]}}],"collection":[{"href":"https:\/\/seraphome.com\/index.php?rest_route=\/wp\/v2\/product"}],"about":[{"href":"https:\/\/seraphome.com\/index.php?rest_route=\/wp\/v2\/types\/product"}],"replies":[{"embeddable":true,"href":"https:\/\/seraphome.com\/index.php?rest_route=%2Fwp%2Fv2%2Fcomments&post=1665"}],"wp:featuredmedia":[{"embeddable":true,"href":"https:\/\/seraphome.com\/index.php?rest_route=\/wp\/v2\/media\/1666"}],"wp:attachment":[{"href":"https:\/\/seraphome.com\/index.php?rest_route=%2Fwp%2Fv2%2Fmedia&parent=1665"}],"wp:term":[{"taxonomy":"product_brand","embeddable":true,"href":"https:\/\/seraphome.com\/index.php?rest_route=%2Fwp%2Fv2%2Fproduct_brand&post=1665"},{"taxonomy":"product_cat","embeddable":true,"href":"https:\/\/seraphome.com\/index.php?rest_route=%2Fwp%2Fv2%2Fproduct_cat&post=1665"},{"taxonomy":"product_tag","embeddable":true,"href":"https:\/\/seraphome.com\/index.php?rest_route=%2Fwp%2Fv2%2Fproduct_tag&post=1665"}],"curies":[{"name":"wp","href":"https:\/\/api.w.org\/{rel}","templated":true}]}}