{"id":1647,"date":"2022-06-24T16:44:36","date_gmt":"2022-06-24T13:44:36","guid":{"rendered":"https:\/\/seraphome.com\/?post_type=product&#038;p=1647"},"modified":"2026-04-26T22:51:00","modified_gmt":"2026-04-26T19:51:00","slug":"makrome-cibinlik-dekor-2","status":"publish","type":"product","link":"https:\/\/seraphome.com\/?product=makrome-cibinlik-dekor-2","title":{"rendered":"MAKROME C\u0130B\u0130NL\u0130K DEKOR"},"content":{"rendered":"<p>MAKROME C\u0130B\u0130NL\u0130K DEKOR<\/p>\n<p>40*100<\/p>\n","protected":false},"excerpt":{"rendered":"<p>MAKROME C\u0130B\u0130NL\u0130K DEKOR 40*100<span class=\"more-link\"><a href=\"https:\/\/seraphome.com\/?product=makrome-cibinlik-dekor-2\">Continue Reading<\/a><\/span><\/p>\n","protected":false},"featured_media":1648,"comment_status":"open","ping_status":"closed","template":"","meta":[],"product_brand":[],"product_cat":[66],"product_tag":[263,54,86,52],"class_list":{"0":"entry","1":"author-serapkok","2":"post-1647","3":"product","4":"type-product","5":"status-publish","6":"has-post-thumbnail","7":"product_cat-duvar-dekor","8":"product_tag-cibinlik","9":"product_tag-dekor","10":"product_tag-duvar","11":"product_tag-makrome","13":"first","14":"instock","15":"sale","16":"shipping-taxable","17":"purchasable","18":"product-type-simple"},"_links":{"self":[{"href":"https:\/\/seraphome.com\/index.php?rest_route=\/wp\/v2\/product\/1647","targetHints":{"allow":["GET"]}}],"collection":[{"href":"https:\/\/seraphome.com\/index.php?rest_route=\/wp\/v2\/product"}],"about":[{"href":"https:\/\/seraphome.com\/index.php?rest_route=\/wp\/v2\/types\/product"}],"replies":[{"embeddable":true,"href":"https:\/\/seraphome.com\/index.php?rest_route=%2Fwp%2Fv2%2Fcomments&post=1647"}],"wp:featuredmedia":[{"embeddable":true,"href":"https:\/\/seraphome.com\/index.php?rest_route=\/wp\/v2\/media\/1648"}],"wp:attachment":[{"href":"https:\/\/seraphome.com\/index.php?rest_route=%2Fwp%2Fv2%2Fmedia&parent=1647"}],"wp:term":[{"taxonomy":"product_brand","embeddable":true,"href":"https:\/\/seraphome.com\/index.php?rest_route=%2Fwp%2Fv2%2Fproduct_brand&post=1647"},{"taxonomy":"product_cat","embeddable":true,"href":"https:\/\/seraphome.com\/index.php?rest_route=%2Fwp%2Fv2%2Fproduct_cat&post=1647"},{"taxonomy":"product_tag","embeddable":true,"href":"https:\/\/seraphome.com\/index.php?rest_route=%2Fwp%2Fv2%2Fproduct_tag&post=1647"}],"curies":[{"name":"wp","href":"https:\/\/api.w.org\/{rel}","templated":true}]}}