{"id":1642,"date":"2022-06-24T14:15:06","date_gmt":"2022-06-24T11:15:06","guid":{"rendered":"https:\/\/seraphome.com\/?post_type=product&#038;p=1642"},"modified":"2026-04-26T22:51:19","modified_gmt":"2026-04-26T19:51:19","slug":"tavana-asilan-makrome-ciceklik-sehpa-3","status":"publish","type":"product","link":"https:\/\/seraphome.com\/?product=tavana-asilan-makrome-ciceklik-sehpa-3","title":{"rendered":"Tavana As\u0131lan Makrome \u00c7i\u00e7eklik Sehpa"},"content":{"rendered":"<p>Makrome \u00c7i\u00e7eklik veya sehpa tavana monte edilerek kullan\u0131l\u0131r, boy 200cm , \u00e7ap 50cm. Pamuk makrome ipinden \u00f6r\u00fclm\u00fc\u015ft\u00fcr. \u00dcr\u00fcn kuru temizleme i\u00e7in uygundur, el yap\u0131m\u0131d\u0131r<\/p>\n<p>&nbsp;<\/p>\n","protected":false},"excerpt":{"rendered":"<p>Makrome \u00c7i\u00e7eklik veya sehpa tavana monte edilerek kullan\u0131l\u0131r, boy 200cm , \u00e7ap 50cm. Pamuk makrome ipinden \u00f6r\u00fclm\u00fc\u015ft\u00fcr. \u00dcr\u00fcn kuru temizleme i\u00e7in uygundur, el yap\u0131m\u0131d\u0131r &nbsp;<span class=\"more-link\"><a href=\"https:\/\/seraphome.com\/?product=tavana-asilan-makrome-ciceklik-sehpa-3\">Continue Reading<\/a><\/span><\/p>\n","protected":false},"featured_media":1643,"comment_status":"open","ping_status":"closed","template":"","meta":[],"product_brand":[],"product_cat":[66],"product_tag":[],"class_list":{"0":"entry","1":"author-serapkok","2":"post-1642","3":"product","4":"type-product","5":"status-publish","6":"has-post-thumbnail","7":"product_cat-duvar-dekor","9":"first","10":"instock","11":"sale","12":"shipping-taxable","13":"purchasable","14":"product-type-simple"},"_links":{"self":[{"href":"https:\/\/seraphome.com\/index.php?rest_route=\/wp\/v2\/product\/1642","targetHints":{"allow":["GET"]}}],"collection":[{"href":"https:\/\/seraphome.com\/index.php?rest_route=\/wp\/v2\/product"}],"about":[{"href":"https:\/\/seraphome.com\/index.php?rest_route=\/wp\/v2\/types\/product"}],"replies":[{"embeddable":true,"href":"https:\/\/seraphome.com\/index.php?rest_route=%2Fwp%2Fv2%2Fcomments&post=1642"}],"wp:featuredmedia":[{"embeddable":true,"href":"https:\/\/seraphome.com\/index.php?rest_route=\/wp\/v2\/media\/1643"}],"wp:attachment":[{"href":"https:\/\/seraphome.com\/index.php?rest_route=%2Fwp%2Fv2%2Fmedia&parent=1642"}],"wp:term":[{"taxonomy":"product_brand","embeddable":true,"href":"https:\/\/seraphome.com\/index.php?rest_route=%2Fwp%2Fv2%2Fproduct_brand&post=1642"},{"taxonomy":"product_cat","embeddable":true,"href":"https:\/\/seraphome.com\/index.php?rest_route=%2Fwp%2Fv2%2Fproduct_cat&post=1642"},{"taxonomy":"product_tag","embeddable":true,"href":"https:\/\/seraphome.com\/index.php?rest_route=%2Fwp%2Fv2%2Fproduct_tag&post=1642"}],"curies":[{"name":"wp","href":"https:\/\/api.w.org\/{rel}","templated":true}]}}