{"id":1635,"date":"2022-06-24T13:57:45","date_gmt":"2022-06-24T10:57:45","guid":{"rendered":"https:\/\/seraphome.com\/?post_type=product&#038;p=1635"},"modified":"2026-04-26T22:51:44","modified_gmt":"2026-04-26T19:51:44","slug":"makro-cibinlik-basligi-dekor","status":"publish","type":"product","link":"https:\/\/seraphome.com\/?product=makro-cibinlik-basligi-dekor","title":{"rendered":"MAKRO C\u0130B\u0130NL\u0130K BA\u015eLI\u011eI DEKOR"},"content":{"rendered":"<p>*EBAT VE RENK DE\u011e\u0130\u015e\u0130KL\u0130\u011e\u0130 \u0130\u00c7\u0130N L\u00dcTFEN WATSAAP HATTIMIZDAN \u0130LET\u0130\u015e\u0130ME GE\u00c7\u0130N\u0130Z<\/p>\n<p>EBAT 45 CM<\/p>\n<p>C\u0130B\u0130NL\u0130K F\u0130YATA DAH\u0130L DE\u011e\u0130LD\u0130R<\/p>\n","protected":false},"excerpt":{"rendered":"<p>*EBAT VE RENK DE\u011e\u0130\u015e\u0130KL\u0130\u011e\u0130 \u0130\u00c7\u0130N L\u00dcTFEN WATSAAP HATTIMIZDAN \u0130LET\u0130\u015e\u0130ME GE\u00c7\u0130N\u0130Z EBAT 45 CM C\u0130B\u0130NL\u0130K F\u0130YATA DAH\u0130L DE\u011e\u0130LD\u0130R<span class=\"more-link\"><a href=\"https:\/\/seraphome.com\/?product=makro-cibinlik-basligi-dekor\">Continue Reading<\/a><\/span><\/p>\n","protected":false},"featured_media":1636,"comment_status":"open","ping_status":"closed","template":"","meta":[],"product_brand":[],"product_cat":[66],"product_tag":[54,86,52],"class_list":{"0":"entry","1":"author-serapkok","2":"post-1635","3":"product","4":"type-product","5":"status-publish","6":"has-post-thumbnail","7":"product_cat-duvar-dekor","8":"product_tag-dekor","9":"product_tag-duvar","10":"product_tag-makrome","12":"first","13":"instock","14":"sale","15":"shipping-taxable","16":"purchasable","17":"product-type-simple"},"_links":{"self":[{"href":"https:\/\/seraphome.com\/index.php?rest_route=\/wp\/v2\/product\/1635","targetHints":{"allow":["GET"]}}],"collection":[{"href":"https:\/\/seraphome.com\/index.php?rest_route=\/wp\/v2\/product"}],"about":[{"href":"https:\/\/seraphome.com\/index.php?rest_route=\/wp\/v2\/types\/product"}],"replies":[{"embeddable":true,"href":"https:\/\/seraphome.com\/index.php?rest_route=%2Fwp%2Fv2%2Fcomments&post=1635"}],"wp:featuredmedia":[{"embeddable":true,"href":"https:\/\/seraphome.com\/index.php?rest_route=\/wp\/v2\/media\/1636"}],"wp:attachment":[{"href":"https:\/\/seraphome.com\/index.php?rest_route=%2Fwp%2Fv2%2Fmedia&parent=1635"}],"wp:term":[{"taxonomy":"product_brand","embeddable":true,"href":"https:\/\/seraphome.com\/index.php?rest_route=%2Fwp%2Fv2%2Fproduct_brand&post=1635"},{"taxonomy":"product_cat","embeddable":true,"href":"https:\/\/seraphome.com\/index.php?rest_route=%2Fwp%2Fv2%2Fproduct_cat&post=1635"},{"taxonomy":"product_tag","embeddable":true,"href":"https:\/\/seraphome.com\/index.php?rest_route=%2Fwp%2Fv2%2Fproduct_tag&post=1635"}],"curies":[{"name":"wp","href":"https:\/\/api.w.org\/{rel}","templated":true}]}}