{"id":1631,"date":"2022-06-24T00:51:14","date_gmt":"2022-06-23T21:51:14","guid":{"rendered":"https:\/\/seraphome.com\/?post_type=product&#038;p=1631"},"modified":"2026-04-26T22:52:10","modified_gmt":"2026-04-26T19:52:10","slug":"makrome-duvar-dekor-23","status":"publish","type":"product","link":"https:\/\/seraphome.com\/?product=makrome-duvar-dekor-23","title":{"rendered":"MAKROME DUVAR DEKOR"},"content":{"rendered":"<p>*MAKROME DUVAR DEKOR<br \/>\n*EBAT VE RENK DE\u011e\u0130\u015e\u0130KL\u0130\u011e\u0130 \u0130\u00c7\u0130N L\u00dcTFEN WATSAAP HATTIMIZDAN \u0130LET\u0130\u015e\u0130ME GE\u00c7\u0130N\u0130Z<\/p>\n<p>ORGAN\u0130ZASYON \u0130\u00c7\u0130N UYGUNDUR<\/p>\n","protected":false},"excerpt":{"rendered":"<p>*MAKROME DUVAR DEKOR *EBAT VE RENK DE\u011e\u0130\u015e\u0130KL\u0130\u011e\u0130 \u0130\u00c7\u0130N L\u00dcTFEN WATSAAP HATTIMIZDAN \u0130LET\u0130\u015e\u0130ME GE\u00c7\u0130N\u0130Z ORGAN\u0130ZASYON \u0130\u00c7\u0130N UYGUNDUR<span class=\"more-link\"><a href=\"https:\/\/seraphome.com\/?product=makrome-duvar-dekor-23\">Continue Reading<\/a><\/span><\/p>\n","protected":false},"featured_media":1632,"comment_status":"open","ping_status":"closed","template":"","meta":[],"product_brand":[],"product_cat":[66],"product_tag":[91,54,86,52],"class_list":{"0":"entry","1":"author-serapkok","2":"post-1631","3":"product","4":"type-product","5":"status-publish","6":"has-post-thumbnail","7":"product_cat-duvar-dekor","8":"product_tag-bohem","9":"product_tag-dekor","10":"product_tag-duvar","11":"product_tag-makrome","13":"first","14":"instock","15":"sale","16":"shipping-taxable","17":"purchasable","18":"product-type-simple"},"_links":{"self":[{"href":"https:\/\/seraphome.com\/index.php?rest_route=\/wp\/v2\/product\/1631","targetHints":{"allow":["GET"]}}],"collection":[{"href":"https:\/\/seraphome.com\/index.php?rest_route=\/wp\/v2\/product"}],"about":[{"href":"https:\/\/seraphome.com\/index.php?rest_route=\/wp\/v2\/types\/product"}],"replies":[{"embeddable":true,"href":"https:\/\/seraphome.com\/index.php?rest_route=%2Fwp%2Fv2%2Fcomments&post=1631"}],"wp:featuredmedia":[{"embeddable":true,"href":"https:\/\/seraphome.com\/index.php?rest_route=\/wp\/v2\/media\/1632"}],"wp:attachment":[{"href":"https:\/\/seraphome.com\/index.php?rest_route=%2Fwp%2Fv2%2Fmedia&parent=1631"}],"wp:term":[{"taxonomy":"product_brand","embeddable":true,"href":"https:\/\/seraphome.com\/index.php?rest_route=%2Fwp%2Fv2%2Fproduct_brand&post=1631"},{"taxonomy":"product_cat","embeddable":true,"href":"https:\/\/seraphome.com\/index.php?rest_route=%2Fwp%2Fv2%2Fproduct_cat&post=1631"},{"taxonomy":"product_tag","embeddable":true,"href":"https:\/\/seraphome.com\/index.php?rest_route=%2Fwp%2Fv2%2Fproduct_tag&post=1631"}],"curies":[{"name":"wp","href":"https:\/\/api.w.org\/{rel}","templated":true}]}}