{"id":1629,"date":"2022-06-24T00:17:55","date_gmt":"2022-06-23T21:17:55","guid":{"rendered":"https:\/\/seraphome.com\/?post_type=product&#038;p=1629"},"modified":"2026-04-26T22:52:25","modified_gmt":"2026-04-26T19:52:25","slug":"makrome-prenses-model-cibinlik-60x260cm","status":"publish","type":"product","link":"https:\/\/seraphome.com\/?product=makrome-prenses-model-cibinlik-60x260cm","title":{"rendered":"Makrome Prenses Model Cibinlik 60x260cm"},"content":{"rendered":"<ul class=\"detail-desc-list\">\n<li>Makrome Prenses model Cibinlik olculeri: halka \u00e7ap 60cm, boy 260 cm. \u00dcr\u00fcn el yapimi olup evinizde bohem bir k\u00f6\u015fe yaratmaya yard\u0131m edecektir. Kitap okuma, m\u00fczik dinleme veya minik prensesler i\u00e7in oyun oynama k\u00f6\u015fesi olarak kullan\u0131labilir<\/li>\n<li>Organizasyon i\u00e7in uygundur<\/li>\n<li>Farkl\u0131 renk se\u00e7enekleri\u00a0 i\u00e7in watsaap tan d\u00f6n\u00fc\u015f yap\u0131n l\u00fctfen<\/li>\n<\/ul>\n","protected":false},"excerpt":{"rendered":"<p>Makrome Prenses model Cibinlik olculeri: halka \u00e7ap 60cm, boy 260 cm. \u00dcr\u00fcn el yapimi olup evinizde bohem bir k\u00f6\u015fe yaratmaya yard\u0131m edecektir. Kitap okuma, m\u00fczik dinleme veya minik prensesler i\u00e7in oyun oynama k\u00f6\u015fesi olarak kullan\u0131labilir Organizasyon i\u00e7in uygundur Farkl\u0131 renk se\u00e7enekleri\u00a0 i\u00e7in watsaap tan d\u00f6n\u00fc\u015f yap\u0131n l\u00fctfen<span class=\"more-link\"><a href=\"https:\/\/seraphome.com\/?product=makrome-prenses-model-cibinlik-60x260cm\">Continue Reading<\/a><\/span><\/p>\n","protected":false},"featured_media":1630,"comment_status":"open","ping_status":"closed","template":"","meta":[],"product_brand":[],"product_cat":[15],"product_tag":[263,268],"class_list":{"0":"entry","1":"author-serapkok","2":"post-1629","3":"product","4":"type-product","5":"status-publish","6":"has-post-thumbnail","7":"product_cat-genel-kategori","8":"product_tag-cibinlik","9":"product_tag-organizasyon","11":"first","12":"instock","13":"sale","14":"shipping-taxable","15":"purchasable","16":"product-type-simple"},"_links":{"self":[{"href":"https:\/\/seraphome.com\/index.php?rest_route=\/wp\/v2\/product\/1629","targetHints":{"allow":["GET"]}}],"collection":[{"href":"https:\/\/seraphome.com\/index.php?rest_route=\/wp\/v2\/product"}],"about":[{"href":"https:\/\/seraphome.com\/index.php?rest_route=\/wp\/v2\/types\/product"}],"replies":[{"embeddable":true,"href":"https:\/\/seraphome.com\/index.php?rest_route=%2Fwp%2Fv2%2Fcomments&post=1629"}],"wp:featuredmedia":[{"embeddable":true,"href":"https:\/\/seraphome.com\/index.php?rest_route=\/wp\/v2\/media\/1630"}],"wp:attachment":[{"href":"https:\/\/seraphome.com\/index.php?rest_route=%2Fwp%2Fv2%2Fmedia&parent=1629"}],"wp:term":[{"taxonomy":"product_brand","embeddable":true,"href":"https:\/\/seraphome.com\/index.php?rest_route=%2Fwp%2Fv2%2Fproduct_brand&post=1629"},{"taxonomy":"product_cat","embeddable":true,"href":"https:\/\/seraphome.com\/index.php?rest_route=%2Fwp%2Fv2%2Fproduct_cat&post=1629"},{"taxonomy":"product_tag","embeddable":true,"href":"https:\/\/seraphome.com\/index.php?rest_route=%2Fwp%2Fv2%2Fproduct_tag&post=1629"}],"curies":[{"name":"wp","href":"https:\/\/api.w.org\/{rel}","templated":true}]}}