{"id":1621,"date":"2022-06-23T23:56:26","date_gmt":"2022-06-23T20:56:26","guid":{"rendered":"https:\/\/seraphome.com\/?post_type=product&#038;p=1621"},"modified":"2026-04-26T22:53:22","modified_gmt":"2026-04-26T19:53:22","slug":"tavana-asilan-makrome-ciceklik-sehpa","status":"publish","type":"product","link":"https:\/\/seraphome.com\/?product=tavana-asilan-makrome-ciceklik-sehpa","title":{"rendered":"Tavana As\u0131lan Makrome \u00c7i\u00e7eklik Sehpa"},"content":{"rendered":"<p>*EBAT VE RENK DE\u011e\u0130\u015e\u0130KL\u0130\u011e\u0130 \u0130\u00c7\u0130N L\u00dcTFEN WATSAAP HATTIMIZDAN \u0130LET\u0130\u015e\u0130ME GE\u00c7\u0130N\u0130Z<\/p>\n<p>EBAT 2 MT<\/p>\n","protected":false},"excerpt":{"rendered":"<p>*EBAT VE RENK DE\u011e\u0130\u015e\u0130KL\u0130\u011e\u0130 \u0130\u00c7\u0130N L\u00dcTFEN WATSAAP HATTIMIZDAN \u0130LET\u0130\u015e\u0130ME GE\u00c7\u0130N\u0130Z EBAT 2 MT<span class=\"more-link\"><a href=\"https:\/\/seraphome.com\/?product=tavana-asilan-makrome-ciceklik-sehpa\">Continue Reading<\/a><\/span><\/p>\n","protected":false},"featured_media":1622,"comment_status":"open","ping_status":"closed","template":"","meta":[],"product_brand":[],"product_cat":[66],"product_tag":[54,86,52,262],"class_list":{"0":"entry","1":"author-serapkok","2":"post-1621","3":"product","4":"type-product","5":"status-publish","6":"has-post-thumbnail","7":"product_cat-duvar-dekor","8":"product_tag-dekor","9":"product_tag-duvar","10":"product_tag-makrome","11":"product_tag-sehpa","13":"first","14":"instock","15":"sale","16":"shipping-taxable","17":"purchasable","18":"product-type-simple"},"_links":{"self":[{"href":"https:\/\/seraphome.com\/index.php?rest_route=\/wp\/v2\/product\/1621","targetHints":{"allow":["GET"]}}],"collection":[{"href":"https:\/\/seraphome.com\/index.php?rest_route=\/wp\/v2\/product"}],"about":[{"href":"https:\/\/seraphome.com\/index.php?rest_route=\/wp\/v2\/types\/product"}],"replies":[{"embeddable":true,"href":"https:\/\/seraphome.com\/index.php?rest_route=%2Fwp%2Fv2%2Fcomments&post=1621"}],"wp:featuredmedia":[{"embeddable":true,"href":"https:\/\/seraphome.com\/index.php?rest_route=\/wp\/v2\/media\/1622"}],"wp:attachment":[{"href":"https:\/\/seraphome.com\/index.php?rest_route=%2Fwp%2Fv2%2Fmedia&parent=1621"}],"wp:term":[{"taxonomy":"product_brand","embeddable":true,"href":"https:\/\/seraphome.com\/index.php?rest_route=%2Fwp%2Fv2%2Fproduct_brand&post=1621"},{"taxonomy":"product_cat","embeddable":true,"href":"https:\/\/seraphome.com\/index.php?rest_route=%2Fwp%2Fv2%2Fproduct_cat&post=1621"},{"taxonomy":"product_tag","embeddable":true,"href":"https:\/\/seraphome.com\/index.php?rest_route=%2Fwp%2Fv2%2Fproduct_tag&post=1621"}],"curies":[{"name":"wp","href":"https:\/\/api.w.org\/{rel}","templated":true}]}}