{"id":1579,"date":"2022-06-23T23:13:22","date_gmt":"2022-06-23T20:13:22","guid":{"rendered":"https:\/\/seraphome.com\/?post_type=product&#038;p=1579"},"modified":"2026-04-26T22:58:39","modified_gmt":"2026-04-26T19:58:39","slug":"makrome-duvar-dekor-raf","status":"publish","type":"product","link":"https:\/\/seraphome.com\/?product=makrome-duvar-dekor-raf","title":{"rendered":"MAKROME DUVAR DEKOR RAF"},"content":{"rendered":"<p>*MAKROME DUVAR DEKOR<br \/>\n*EBAT VE RENK DE\u011e\u0130\u015e\u0130KL\u0130\u011e\u0130 \u0130\u00c7\u0130N L\u00dcTFEN WATSAAP HATTIMIZDAN \u0130LET\u0130\u015e\u0130ME GE\u00c7\u0130N\u0130Z<\/p>\n","protected":false},"excerpt":{"rendered":"<p>*MAKROME DUVAR DEKOR *EBAT VE RENK DE\u011e\u0130\u015e\u0130KL\u0130\u011e\u0130 \u0130\u00c7\u0130N L\u00dcTFEN WATSAAP HATTIMIZDAN \u0130LET\u0130\u015e\u0130ME GE\u00c7\u0130N\u0130Z<span class=\"more-link\"><a href=\"https:\/\/seraphome.com\/?product=makrome-duvar-dekor-raf\">Continue Reading<\/a><\/span><\/p>\n","protected":false},"featured_media":1580,"comment_status":"open","ping_status":"closed","template":"","meta":[],"product_brand":[],"product_cat":[66],"product_tag":[],"class_list":{"0":"entry","1":"author-serapkok","2":"post-1579","3":"product","4":"type-product","5":"status-publish","6":"has-post-thumbnail","7":"product_cat-duvar-dekor","9":"first","10":"instock","11":"sale","12":"shipping-taxable","13":"purchasable","14":"product-type-simple"},"_links":{"self":[{"href":"https:\/\/seraphome.com\/index.php?rest_route=\/wp\/v2\/product\/1579","targetHints":{"allow":["GET"]}}],"collection":[{"href":"https:\/\/seraphome.com\/index.php?rest_route=\/wp\/v2\/product"}],"about":[{"href":"https:\/\/seraphome.com\/index.php?rest_route=\/wp\/v2\/types\/product"}],"replies":[{"embeddable":true,"href":"https:\/\/seraphome.com\/index.php?rest_route=%2Fwp%2Fv2%2Fcomments&post=1579"}],"wp:featuredmedia":[{"embeddable":true,"href":"https:\/\/seraphome.com\/index.php?rest_route=\/wp\/v2\/media\/1580"}],"wp:attachment":[{"href":"https:\/\/seraphome.com\/index.php?rest_route=%2Fwp%2Fv2%2Fmedia&parent=1579"}],"wp:term":[{"taxonomy":"product_brand","embeddable":true,"href":"https:\/\/seraphome.com\/index.php?rest_route=%2Fwp%2Fv2%2Fproduct_brand&post=1579"},{"taxonomy":"product_cat","embeddable":true,"href":"https:\/\/seraphome.com\/index.php?rest_route=%2Fwp%2Fv2%2Fproduct_cat&post=1579"},{"taxonomy":"product_tag","embeddable":true,"href":"https:\/\/seraphome.com\/index.php?rest_route=%2Fwp%2Fv2%2Fproduct_tag&post=1579"}],"curies":[{"name":"wp","href":"https:\/\/api.w.org\/{rel}","templated":true}]}}