{"id":1376,"date":"2022-02-28T15:05:23","date_gmt":"2022-02-28T12:05:23","guid":{"rendered":"https:\/\/seraphome.com\/?post_type=product&#038;p=1376"},"modified":"2026-04-26T23:01:30","modified_gmt":"2026-04-26T20:01:30","slug":"el-orgusu-bustiyer-18","status":"publish","type":"product","link":"https:\/\/seraphome.com\/?product=el-orgusu-bustiyer-18","title":{"rendered":"EL \u00d6R\u011e\u00dcS\u00dc B\u00dcST\u0130YER"},"content":{"rendered":"<p>EL \u00d6R\u011e\u00dcS\u00dc B\u00dcST\u0130YER<\/p>\n<p>MALZEMES\u0130 %100 KOTON \u0130P KULLANILMI\u015eTIR<\/p>\n<p>TERLEME YAPMAZ<\/p>\n<p>\u00dcR\u00dcN EL YAPIMI \u0130STEN\u0130LEN EBATLARDA YAPILMAKTA<\/p>\n<p>\u00dcR\u00dcN BEDEN\u0130 \u0130\u00c7\u0130N WATSAAP TAN \u0130RT\u0130BATA GE\u00c7\u0130N L\u00dcTFEN<\/p>\n","protected":false},"excerpt":{"rendered":"<p>EL \u00d6R\u011e\u00dcS\u00dc B\u00dcST\u0130YER MALZEMES\u0130 %100 KOTON \u0130P KULLANILMI\u015eTIR TERLEME YAPMAZ \u00dcR\u00dcN EL YAPIMI \u0130STEN\u0130LEN EBATLARDA YAPILMAKTA \u00dcR\u00dcN BEDEN\u0130 \u0130\u00c7\u0130N WATSAAP TAN \u0130RT\u0130BATA GE\u00c7\u0130N L\u00dcTFEN<span class=\"more-link\"><a href=\"https:\/\/seraphome.com\/?product=el-orgusu-bustiyer-18\">Continue Reading<\/a><\/span><\/p>\n","protected":false},"featured_media":1377,"comment_status":"open","ping_status":"closed","template":"","meta":[],"product_brand":[],"product_cat":[15],"product_tag":[178],"class_list":{"0":"entry","1":"author-serapkok","2":"post-1376","3":"product","4":"type-product","5":"status-publish","6":"has-post-thumbnail","7":"product_cat-genel-kategori","8":"product_tag-bustiyer","10":"first","11":"instock","12":"sale","13":"shipping-taxable","14":"purchasable","15":"product-type-simple"},"_links":{"self":[{"href":"https:\/\/seraphome.com\/index.php?rest_route=\/wp\/v2\/product\/1376","targetHints":{"allow":["GET"]}}],"collection":[{"href":"https:\/\/seraphome.com\/index.php?rest_route=\/wp\/v2\/product"}],"about":[{"href":"https:\/\/seraphome.com\/index.php?rest_route=\/wp\/v2\/types\/product"}],"replies":[{"embeddable":true,"href":"https:\/\/seraphome.com\/index.php?rest_route=%2Fwp%2Fv2%2Fcomments&post=1376"}],"wp:featuredmedia":[{"embeddable":true,"href":"https:\/\/seraphome.com\/index.php?rest_route=\/wp\/v2\/media\/1377"}],"wp:attachment":[{"href":"https:\/\/seraphome.com\/index.php?rest_route=%2Fwp%2Fv2%2Fmedia&parent=1376"}],"wp:term":[{"taxonomy":"product_brand","embeddable":true,"href":"https:\/\/seraphome.com\/index.php?rest_route=%2Fwp%2Fv2%2Fproduct_brand&post=1376"},{"taxonomy":"product_cat","embeddable":true,"href":"https:\/\/seraphome.com\/index.php?rest_route=%2Fwp%2Fv2%2Fproduct_cat&post=1376"},{"taxonomy":"product_tag","embeddable":true,"href":"https:\/\/seraphome.com\/index.php?rest_route=%2Fwp%2Fv2%2Fproduct_tag&post=1376"}],"curies":[{"name":"wp","href":"https:\/\/api.w.org\/{rel}","templated":true}]}}