{"id":535,"date":"2021-03-19T14:55:10","date_gmt":"2021-03-19T11:55:10","guid":{"rendered":"https:\/\/seraphome.com\/?page_id=535"},"modified":"2021-03-19T14:55:10","modified_gmt":"2021-03-19T11:55:10","slug":"gizlilik-sozlesmesi","status":"publish","type":"page","link":"https:\/\/seraphome.com\/?page_id=535","title":{"rendered":"Gizlilik S\u00f6zle\u015fmesi"},"content":{"rendered":"<div class=\"main col-md-12\" role=\"main\">\n<div class=\"entry-content\">\n<header class=\"entry-header\">\n<p class=\"entry-title\">Al\u0131c\u0131 taraf\u0131ndan i\u015f bu s\u00f6zle\u015fmede\u00a0 belirtilen\u00a0 bilgiler ile\u00a0 \u00f6deme yapmak amac\u0131 ile sat\u0131c\u0131ya bildirdi\u011fi bilgiler sat\u0131c\u0131 taraf\u0131ndan 3. \u015fah\u0131slarla payla\u015f\u0131lmayacakt\u0131r.<\/p>\n<\/header>\n<div class=\"entry-content\">\n<p>Sat\u0131c\u0131\u00a0 bu bilgileri sadece idari\/ yasal zorunlulu\u011fun mevcudiyeti \u00e7er\u00e7evesinde a\u00e7\u0131klayabilecektir. Ara\u015ft\u0131rma ehliyeti belgelenmi\u015f her t\u00fcrl\u00fc adli soru\u015fturma dahilinde sat\u0131c\u0131\u00a0 kendisinden istenen bilgiyi elinde bulunduruyorsa ilgili makama sa\u011flayabilir.<\/p>\n<p>Kredi Kart\u0131 bilgileri kesinlikle saklanmaz,Kredi Kart\u0131 bilgileri sadece tahsilat i\u015flemi s\u0131ras\u0131nda ilgili bankalara g\u00fcvenli bir \u015fekilde iletilerek provizyon al\u0131nmas\u0131 i\u00e7in kullan\u0131l\u0131r ve provizyon sonras\u0131 sistemden silinir.<\/p>\n<p>Al\u0131c\u0131ya ait e-posta adresi, posta adresi ve telefon gibi bilgiler yaln\u0131zca sat\u0131c\u0131\u00a0 taraf\u0131ndan standart \u00fcr\u00fcn teslim ve bilgilendirme prosed\u00fcrleri i\u00e7in kullan\u0131l\u0131r. Baz\u0131 d\u00f6nemlerde kampanya bilgileri, yeni \u00fcr\u00fcnler hakk\u0131nda bilgiler, promosyon bilgileri al\u0131c\u0131ya onay\u0131 sonras\u0131nda g\u00f6nderilebilir.<\/p>\n<\/div>\n<\/div>\n<\/div>\n<p>&nbsp;<\/p>\n<p>&nbsp;<\/p>\n<div id=\"tap-translate\"><\/div>\n<div id=\"tap-translate\"><\/div>\n","protected":false},"excerpt":{"rendered":"<p>Al\u0131c\u0131 taraf\u0131ndan i\u015f bu s\u00f6zle\u015fmede\u00a0 belirtilen\u00a0 bilgiler ile\u00a0 \u00f6deme yapmak amac\u0131 ile sat\u0131c\u0131ya bildirdi\u011fi bilgiler sat\u0131c\u0131 taraf\u0131ndan 3. \u015fah\u0131slarla payla\u015f\u0131lmayacakt\u0131r. Sat\u0131c\u0131\u00a0 bu bilgileri sadece idari\/ yasal zorunlulu\u011fun mevcudiyeti \u00e7er\u00e7evesinde a\u00e7\u0131klayabilecektir. Ara\u015ft\u0131rma ehliyeti belgelenmi\u015f her t\u00fcrl\u00fc adli soru\u015fturma dahilinde sat\u0131c\u0131\u00a0 kendisinden istenen bilgiyi elinde bulunduruyorsa ilgili makama sa\u011flayabilir. Kredi Kart\u0131 bilgileri<span class=\"more-link\"><a href=\"https:\/\/seraphome.com\/?page_id=535\">Continue Reading<\/a><\/span><\/p>\n","protected":false},"author":1,"featured_media":0,"parent":0,"menu_order":0,"comment_status":"closed","ping_status":"closed","template":"","meta":{"footnotes":""},"class_list":["entry","author-zenginweb","post-535","page","type-page","status-publish"],"_links":{"self":[{"href":"https:\/\/seraphome.com\/index.php?rest_route=\/wp\/v2\/pages\/535","targetHints":{"allow":["GET"]}}],"collection":[{"href":"https:\/\/seraphome.com\/index.php?rest_route=\/wp\/v2\/pages"}],"about":[{"href":"https:\/\/seraphome.com\/index.php?rest_route=\/wp\/v2\/types\/page"}],"author":[{"embeddable":true,"href":"https:\/\/seraphome.com\/index.php?rest_route=\/wp\/v2\/users\/1"}],"replies":[{"embeddable":true,"href":"https:\/\/seraphome.com\/index.php?rest_route=%2Fwp%2Fv2%2Fcomments&post=535"}],"version-history":[{"count":1,"href":"https:\/\/seraphome.com\/index.php?rest_route=\/wp\/v2\/pages\/535\/revisions"}],"predecessor-version":[{"id":537,"href":"https:\/\/seraphome.com\/index.php?rest_route=\/wp\/v2\/pages\/535\/revisions\/537"}],"wp:attachment":[{"href":"https:\/\/seraphome.com\/index.php?rest_route=%2Fwp%2Fv2%2Fmedia&parent=535"}],"curies":[{"name":"wp","href":"https:\/\/api.w.org\/{rel}","templated":true}]}}